{"id":4561,"date":"2019-02-27T13:20:13","date_gmt":"2019-02-27T12:20:13","guid":{"rendered":"http:\/\/www.exclusive-gifts.com\/impressum\/"},"modified":"2020-04-16T10:22:47","modified_gmt":"2020-04-16T08:22:47","slug":"impressum","status":"publish","type":"page","link":"https:\/\/www.exclusive-gifts.com\/en\/impressum\/","title":{"rendered":"Imprint"},"content":{"rendered":"<h4><strong>Imprint<\/strong><\/h4>\n<p>Exclusive Gifts B2B GmbH<br \/>\nBullerdeich 14<br \/>\n20537 Hamburg<\/p>\n<p>Team-Deutschland: +49 (0)40 228 679 400<br \/>\nTeam: Schweiz: +41 (0)43 508 08 84<br \/>\nTeam Skandinavien: +45 89 88 17 07<\/p>\n<p><a href=\"mailto:lamy@exclusive-gifts.com\">info@exclusive-gifts.com<\/a><br \/>\nwww.exclusive-gifts.com<\/p>\n<p>Gesch\u00e4ftsf\u00fchrung: Marco Kr\u00f6hn<br \/>\nAmtsgericht Hamburg HRB 122971<br \/>\nUst.-ID: DE282946811<\/p>\n","protected":false},"excerpt":{"rendered":"<p>Imprint Exclusive Gifts B2B GmbH Bullerdeich 14 20537 Hamburg Team-Deutschland: +49 (0)40 228 679 400 Team: Schweiz: +41 (0)43 508 08 84 Team Skandinavien: +45 89 88 17 07 info@exclusive-gifts.com www.exclusive-gifts.com Gesch\u00e4ftsf\u00fchrung: Marco Kr\u00f6hn Amtsgericht Hamburg HRB 122971 Ust.-ID: DE282946811<\/p>\n","protected":false},"author":1,"featured_media":0,"parent":0,"menu_order":0,"comment_status":"closed","ping_status":"closed","template":"impressum.php","meta":[],"acf":[],"_links":{"self":[{"href":"https:\/\/www.exclusive-gifts.com\/en\/wp-json\/wp\/v2\/pages\/4561"}],"collection":[{"href":"https:\/\/www.exclusive-gifts.com\/en\/wp-json\/wp\/v2\/pages"}],"about":[{"href":"https:\/\/www.exclusive-gifts.com\/en\/wp-json\/wp\/v2\/types\/page"}],"author":[{"embeddable":true,"href":"https:\/\/www.exclusive-gifts.com\/en\/wp-json\/wp\/v2\/users\/1"}],"replies":[{"embeddable":true,"href":"https:\/\/www.exclusive-gifts.com\/en\/wp-json\/wp\/v2\/comments?post=4561"}],"version-history":[{"count":6,"href":"https:\/\/www.exclusive-gifts.com\/en\/wp-json\/wp\/v2\/pages\/4561\/revisions"}],"predecessor-version":[{"id":5856,"href":"https:\/\/www.exclusive-gifts.com\/en\/wp-json\/wp\/v2\/pages\/4561\/revisions\/5856"}],"wp:attachment":[{"href":"https:\/\/www.exclusive-gifts.com\/en\/wp-json\/wp\/v2\/media?parent=4561"}],"curies":[{"name":"wp","href":"https:\/\/api.w.org\/{rel}","templated":true}]}}